{"id":281,"date":"2024-10-29T11:14:39","date_gmt":"2024-10-29T10:14:39","guid":{"rendered":"https:\/\/www.plocher-gmbh.de\/?page_id=281"},"modified":"2025-10-06T16:16:28","modified_gmt":"2025-10-06T14:16:28","slug":"home-2","status":"publish","type":"page","link":"https:\/\/www.plocher-gmbh.de\/en\/","title":{"rendered":"Home"},"content":{"rendered":"","protected":false},"excerpt":{"rendered":"","protected":false},"author":1,"featured_media":514,"parent":0,"menu_order":0,"comment_status":"closed","ping_status":"closed","template":"","meta":{"_seopress_robots_primary_cat":"","_seopress_titles_title":"Ma\u00dfgeschneiderte M\u00f6belteile f\u00fcr jede Anforderung","_seopress_titles_desc":"Entdecken Sie Plocher M\u00f6belelemente: Marktf\u00fchrer in Traversen & M\u00f6belprofilen. Ma\u00dfgeschneiderte L\u00f6sungen f\u00fcr die M\u00f6belindustrie. Jetzt entdecken!","_seopress_robots_index":"","footnotes":""},"class_list":["post-281","page","type-page","status-publish","has-post-thumbnail"],"_links":{"self":[{"href":"https:\/\/www.plocher-gmbh.de\/en\/wp-json\/wp\/v2\/pages\/281","targetHints":{"allow":["GET"]}}],"collection":[{"href":"https:\/\/www.plocher-gmbh.de\/en\/wp-json\/wp\/v2\/pages"}],"about":[{"href":"https:\/\/www.plocher-gmbh.de\/en\/wp-json\/wp\/v2\/types\/page"}],"author":[{"embeddable":true,"href":"https:\/\/www.plocher-gmbh.de\/en\/wp-json\/wp\/v2\/users\/1"}],"replies":[{"embeddable":true,"href":"https:\/\/www.plocher-gmbh.de\/en\/wp-json\/wp\/v2\/comments?post=281"}],"version-history":[{"count":11,"href":"https:\/\/www.plocher-gmbh.de\/en\/wp-json\/wp\/v2\/pages\/281\/revisions"}],"predecessor-version":[{"id":1771,"href":"https:\/\/www.plocher-gmbh.de\/en\/wp-json\/wp\/v2\/pages\/281\/revisions\/1771"}],"wp:featuredmedia":[{"embeddable":true,"href":"https:\/\/www.plocher-gmbh.de\/en\/wp-json\/wp\/v2\/media\/514"}],"wp:attachment":[{"href":"https:\/\/www.plocher-gmbh.de\/en\/wp-json\/wp\/v2\/media?parent=281"}],"curies":[{"name":"wp","href":"https:\/\/api.w.org\/{rel}","templated":true}]}}