{"id":148,"date":"2024-10-25T23:14:49","date_gmt":"2024-10-25T21:14:49","guid":{"rendered":"https:\/\/www.plocher-gmbh.de\/?page_id=148"},"modified":"2025-07-21T10:23:48","modified_gmt":"2025-07-21T08:23:48","slug":"mentions-legales","status":"publish","type":"page","link":"https:\/\/www.plocher-gmbh.de\/fr\/impressum\/","title":{"rendered":"Mentions l\u00e9gales"},"content":{"rendered":"<h2 class=\"wp-block-heading\">Informations selon le \u00a7 5 DDG<\/h2>\n\n\n\n<p>Plocher M\u00f6belelemente GmbH<br>6, rue Diesel<br>72189 V\u00f6hringen<\/p>\n\n\n\n<p><strong>Repr\u00e9sent\u00e9 par :<\/strong> <br>Philipp Egner<\/p>\n\n\n\n<p>Num\u00e9ro de registre du commerce : HRB 480389<br>Tribunal d'enregistrement : Tribunal d'instance de Stuttgart<\/p>\n\n\n\n<h2 class=\"wp-block-heading\">Contact<\/h2>\n\n\n\n<p>T\u00e9l\u00e9phone : +49(0) 7454-9605-0<br>Courrier \u00e9lectronique : info@plocher-gmbh.de<\/p>\n\n\n\n<h2 class=\"wp-block-heading\">Num\u00e9ro d'identification de la taxe sur le chiffre d'affaires<\/h2>\n\n\n\n<p>Num\u00e9ro d'identification de la taxe sur le chiffre d'affaires conform\u00e9ment au \u00a7 27 a de la loi sur la taxe sur le chiffre d'affaires :<br>FR 811225505<\/p>\n\n\n\n<h2 class=\"wp-block-heading\">Responsable de la r\u00e9daction<\/h2>\n\n\n\n<p>Philipp Egner, adresse et contact comme ci-dessus.<\/p>\n\n\n\n<h2 class=\"wp-block-heading\">R\u00e9alisation du site web<\/h2>\n\n\n\n<p><a href=\"https:\/\/www.niro-media.de\" target=\"_blank\" rel=\"noreferrer noopener nofollow\">NIRO Media GmbH<\/a><\/p>\n\n\n\n<h2 class=\"wp-block-heading\">R\u00e8glement des litiges de consommation \/ Organe universel de conciliation<\/h2>\n\n\n\n<p>Nous ne sommes pas pr\u00eats ou oblig\u00e9s de participer \u00e0 des proc\u00e9dures de r\u00e8glement des litiges devant un organisme de conciliation des consommateurs.<\/p>","protected":false},"excerpt":{"rendered":"<p>Informations selon \u00a7 5 DDG Repr\u00e9sent\u00e9 par : Num\u00e9ro du registre du commerce : Tribunal d'enregistrement : Contact T\u00e9l\u00e9phone : E-mail : Num\u00e9ro d'identification de la taxe sur le chiffre d'affaires conform\u00e9ment au \u00a7 27 a de la loi sur la taxe sur le chiffre d'affaires : Responsable de la r\u00e9daction , adresse et contact comme ci-dessus. R\u00e9alisation du site web NIRO Media GmbH R\u00e8glement des litiges de consommation \/ Office de conciliation universel Nous ne sommes pas pr\u00eats ou oblig\u00e9s de participer \u00e0 des proc\u00e9dures de r\u00e8glement des litiges devant un office de conciliation des consommateurs.<\/p>","protected":false},"author":1,"featured_media":0,"parent":0,"menu_order":0,"comment_status":"closed","ping_status":"closed","template":"","meta":{"_seopress_robots_primary_cat":"","_seopress_titles_title":"","_seopress_titles_desc":"","_seopress_robots_index":"","footnotes":""},"class_list":["post-148","page","type-page","status-publish"],"_links":{"self":[{"href":"https:\/\/www.plocher-gmbh.de\/fr\/wp-json\/wp\/v2\/pages\/148","targetHints":{"allow":["GET"]}}],"collection":[{"href":"https:\/\/www.plocher-gmbh.de\/fr\/wp-json\/wp\/v2\/pages"}],"about":[{"href":"https:\/\/www.plocher-gmbh.de\/fr\/wp-json\/wp\/v2\/types\/page"}],"author":[{"embeddable":true,"href":"https:\/\/www.plocher-gmbh.de\/fr\/wp-json\/wp\/v2\/users\/1"}],"replies":[{"embeddable":true,"href":"https:\/\/www.plocher-gmbh.de\/fr\/wp-json\/wp\/v2\/comments?post=148"}],"version-history":[{"count":2,"href":"https:\/\/www.plocher-gmbh.de\/fr\/wp-json\/wp\/v2\/pages\/148\/revisions"}],"predecessor-version":[{"id":1579,"href":"https:\/\/www.plocher-gmbh.de\/fr\/wp-json\/wp\/v2\/pages\/148\/revisions\/1579"}],"wp:attachment":[{"href":"https:\/\/www.plocher-gmbh.de\/fr\/wp-json\/wp\/v2\/media?parent=148"}],"curies":[{"name":"wp","href":"https:\/\/api.w.org\/{rel}","templated":true}]}}