{"id":3,"date":"2024-10-12T08:30:47","date_gmt":"2024-10-12T08:30:47","guid":{"rendered":"https:\/\/www.plocher-gmbh.de\/?page_id=3"},"modified":"2025-07-21T08:55:40","modified_gmt":"2025-07-21T06:55:40","slug":"protection-des-donnees","status":"publish","type":"page","link":"https:\/\/www.plocher-gmbh.de\/fr\/datenschutz\/","title":{"rendered":"D\u00e9claration de confidentialit\u00e9"},"content":{"rendered":"<h2 class=\"wp-block-heading\">1. la protection des donn\u00e9es en un coup d'\u0153il<\/h2>\n\n\n\n<h3 class=\"wp-block-heading\">Remarques g\u00e9n\u00e9rales<\/h3>\n\n\n\n<p>Les indications suivantes donnent un aper\u00e7u simple de ce qui se passe avec vos donn\u00e9es personnelles lorsque vous visitez notre site web. Les donn\u00e9es personnelles sont toutes les donn\u00e9es qui permettent de vous identifier personnellement. Vous trouverez des informations d\u00e9taill\u00e9es sur le th\u00e8me de la protection des donn\u00e9es dans notre d\u00e9claration de protection des donn\u00e9es figurant sous ce texte.<\/p>\n\n\n\n<h3 class=\"wp-block-heading\">Collecte de donn\u00e9es sur notre site web<\/h3>\n\n\n\n<p><strong>Qui est responsable de la collecte des donn\u00e9es sur ce site ?<\/strong><\/p>\n\n\n\n<p>Le traitement des donn\u00e9es sur ce site web est effectu\u00e9 par l'exploitant du site web.<\/p>\n\n\n\n<p><strong>Comment recueillons-nous vos donn\u00e9es ?<\/strong><\/p>\n\n\n\n<p>Vos donn\u00e9es sont collect\u00e9es, d'une part, lorsque vous nous les communiquez. Il peut s'agir, par exemple, de donn\u00e9es que vous saisissez dans un formulaire de contact.<\/p>\n\n\n\n<p>D'autres donn\u00e9es sont automatiquement collect\u00e9es par nos syst\u00e8mes informatiques lors de la visite du site. Il s'agit principalement de donn\u00e9es techniques (par exemple, le navigateur Internet, le syst\u00e8me d'exploitation ou l'heure de consultation de la page). La saisie de ces donn\u00e9es s'effectue automatiquement d\u00e8s que vous acc\u00e9dez \u00e0 notre site web.<\/p>\n\n\n\n<p><strong>\u00c0 quelles fins utilisons-nous vos donn\u00e9es ?<\/strong><\/p>\n\n\n\n<p>Une partie des donn\u00e9es est collect\u00e9e afin de garantir une mise \u00e0 disposition sans erreur du site web. D'autres donn\u00e9es peuvent \u00eatre utilis\u00e9es pour analyser votre comportement d'utilisateur.<\/p>\n\n\n\n<p><strong>Quels sont vos droits concernant vos donn\u00e9es ?<\/strong><\/p>\n\n\n\n<p>Vous avez \u00e0 tout moment le droit d'obtenir gratuitement des informations sur l'origine, le destinataire et la finalit\u00e9 de vos donn\u00e9es personnelles enregistr\u00e9es. Vous avez \u00e9galement le droit d'exiger la rectification, le blocage ou la suppression de ces donn\u00e9es. Pour cela, ainsi que pour toute autre question relative \u00e0 la protection des donn\u00e9es, vous pouvez nous contacter \u00e0 tout moment \u00e0 l'adresse indiqu\u00e9e dans les mentions l\u00e9gales. Vous disposez en outre d'un droit de recours aupr\u00e8s de l'autorit\u00e9 de surveillance comp\u00e9tente.<\/p>\n\n\n\n<h2 class=\"wp-block-heading\">2. indications g\u00e9n\u00e9rales et informations obligatoires<\/h2>\n\n\n\n<h3 class=\"wp-block-heading\">Protection des donn\u00e9es<\/h3>\n\n\n\n<p>Les exploitants de ces pages prennent la protection de vos donn\u00e9es personnelles tr\u00e8s au s\u00e9rieux. Nous traitons vos donn\u00e9es personnelles de mani\u00e8re confidentielle et conform\u00e9ment aux dispositions l\u00e9gales en mati\u00e8re de protection des donn\u00e9es ainsi qu'\u00e0 la pr\u00e9sente d\u00e9claration de protection des donn\u00e9es.<\/p>\n\n\n\n<p>Lorsque vous utilisez ce site web, diverses donn\u00e9es personnelles sont collect\u00e9es. Les donn\u00e9es personnelles sont des donn\u00e9es qui permettent de vous identifier personnellement. La pr\u00e9sente d\u00e9claration de confidentialit\u00e9 explique quelles donn\u00e9es nous collectons et \u00e0 quelles fins nous les utilisons. Elle explique \u00e9galement comment et dans quel but nous le faisons.<\/p>\n\n\n\n<p>Nous attirons votre attention sur le fait que la transmission de donn\u00e9es sur Internet (p. ex. lors de la communication par e-mail) peut pr\u00e9senter des failles de s\u00e9curit\u00e9. Une protection compl\u00e8te des donn\u00e9es contre l'acc\u00e8s par des tiers n'est pas possible.<\/p>\n\n\n\n<h3 class=\"wp-block-heading\">Remarque sur le service responsable<\/h3>\n\n\n\n<p>Le responsable du traitement des donn\u00e9es sur ce site est :<\/p>\n\n\n\n<p>Philipp Egner<br>6, rue Diesel<br>72189 V\u00f6hringen<\/p>\n\n\n\n<p>T\u00e9l\u00e9phone : +49(0) 7454-9605-0<br>Courrier \u00e9lectronique : info@plocher-gmbh.de<\/p>\n\n\n\n<p>Le responsable du traitement est la personne physique ou morale qui, seule ou conjointement avec d'autres, d\u00e9termine les finalit\u00e9s et les moyens du traitement des donn\u00e9es \u00e0 caract\u00e8re personnel (p. ex. noms, adresses \u00e9lectroniques ou autres).<\/p>\n\n\n\n<h3 class=\"wp-block-heading\">R\u00e9vocation de votre consentement au traitement des donn\u00e9es<\/h3>\n\n\n\n<p>De nombreuses op\u00e9rations de traitement des donn\u00e9es ne sont possibles qu'avec votre consentement explicite. Vous pouvez r\u00e9voquer \u00e0 tout moment un consentement d\u00e9j\u00e0 donn\u00e9. Il suffit pour cela de nous envoyer un message informel par e-mail. La l\u00e9galit\u00e9 du traitement des donn\u00e9es effectu\u00e9 jusqu'\u00e0 la r\u00e9vocation n'est pas affect\u00e9e par la r\u00e9vocation.<\/p>\n\n\n\n<h3 class=\"wp-block-heading\">Droit de recours aupr\u00e8s de l'autorit\u00e9 de surveillance comp\u00e9tente<\/h3>\n\n\n\n<p>En cas d'infraction \u00e0 la l\u00e9gislation sur la protection des donn\u00e9es, la personne concern\u00e9e dispose d'un droit de recours aupr\u00e8s de l'autorit\u00e9 de surveillance comp\u00e9tente. L'autorit\u00e9 de surveillance comp\u00e9tente pour les questions relatives \u00e0 la protection des donn\u00e9es est le d\u00e9l\u00e9gu\u00e9 \u00e0 la protection des donn\u00e9es du Land dans lequel notre entreprise a son si\u00e8ge. Une liste des d\u00e9l\u00e9gu\u00e9s \u00e0 la protection des donn\u00e9es ainsi que leurs coordonn\u00e9es peuvent \u00eatre consult\u00e9es sur le lien suivant :&nbsp;<a href=\"https:\/\/www.bfdi.bund.de\/DE\/Infothek\/Anschriften_Links\/anschriften_links-node.html\" target=\"_blank\" rel=\"noreferrer noopener\">https:\/\/www.bfdi.bund.de\/DE\/Infothek\/Anschriften_Links\/anschriften_links-node.html<\/a>.<\/p>\n\n\n\n<h3 class=\"wp-block-heading\">Droit \u00e0 la portabilit\u00e9 des donn\u00e9es<\/h3>\n\n\n\n<p>Vous avez le droit de vous faire remettre ou de faire remettre \u00e0 un tiers, dans un format courant et lisible par machine, les donn\u00e9es que nous traitons de mani\u00e8re automatis\u00e9e sur la base de votre consentement ou en ex\u00e9cution d'un contrat. Si vous demandez la transmission directe des donn\u00e9es \u00e0 un autre responsable, cela ne se fera que dans la mesure o\u00f9 cela est techniquement possible.<\/p>\n\n\n\n<h3 class=\"wp-block-heading\">Chiffrement SSL ou TLS<\/h3>\n\n\n\n<p>Pour des raisons de s\u00e9curit\u00e9 et pour prot\u00e9ger la transmission de contenus confidentiels, comme par exemple les commandes ou les demandes que vous nous envoyez en tant qu'exploitant du site, ce site utilise un cryptage SSL ou TLS. Vous reconnaissez une connexion crypt\u00e9e au fait que la ligne d'adresse du navigateur passe de \"http:\/\/\" \u00e0 \"https:\/\/\" et au symbole du cadenas dans la ligne de votre navigateur.<\/p>\n\n\n\n<p>Si le cryptage SSL ou TLS est activ\u00e9, les donn\u00e9es que vous nous transmettez ne peuvent pas \u00eatre lues par des tiers.<\/p>\n\n\n\n<h3 class=\"wp-block-heading\">Information, blocage, suppression<\/h3>\n\n\n\n<p>Dans le cadre des dispositions l\u00e9gales en vigueur, vous avez \u00e0 tout moment le droit d'obtenir gratuitement des informations sur vos donn\u00e9es personnelles enregistr\u00e9es, leur origine et leur destinataire ainsi que sur la finalit\u00e9 du traitement des donn\u00e9es et, le cas \u00e9ch\u00e9ant, un droit de rectification, de blocage ou de suppression de ces donn\u00e9es. Pour ce faire, ainsi que pour toute autre question relative aux donn\u00e9es personnelles, vous pouvez nous contacter \u00e0 tout moment \u00e0 l'adresse indiqu\u00e9e dans les mentions l\u00e9gales.<\/p>\n\n\n\n<h2 class=\"wp-block-heading\">3. collecte de donn\u00e9es sur notre site web<\/h2>\n\n\n\n<h3 class=\"wp-block-heading\">Cookies<\/h3>\n\n\n\n<p>Les pages Internet utilisent en partie des cookies. Les cookies n'endommagent pas votre ordinateur et ne contiennent pas de virus. Les cookies servent \u00e0 rendre notre offre plus conviviale, plus efficace et plus s\u00fbre. Les cookies sont de petits fichiers texte qui sont d\u00e9pos\u00e9s sur votre ordinateur et que votre navigateur enregistre.<\/p>\n\n\n\n<p>La plupart des cookies que nous utilisons sont des \"cookies de session\". Ils sont automatiquement supprim\u00e9s \u00e0 la fin de votre visite. D'autres cookies restent enregistr\u00e9s sur votre terminal jusqu'\u00e0 ce que vous les supprimiez. Ces cookies nous permettent de reconna\u00eetre votre navigateur lors de votre prochaine visite.<\/p>\n\n\n\n<p>Vous pouvez configurer votre navigateur de mani\u00e8re \u00e0 \u00eatre inform\u00e9 de l'installation de cookies et \u00e0 n'autoriser les cookies qu'au cas par cas, \u00e0 exclure l'acceptation de cookies dans certains cas ou de mani\u00e8re g\u00e9n\u00e9rale, et \u00e0 activer la suppression automatique des cookies \u00e0 la fermeture du navigateur. En cas de d\u00e9sactivation des cookies, la fonctionnalit\u00e9 de ce site web peut \u00eatre limit\u00e9e.<\/p>\n\n\n\n<p>Les cookies n\u00e9cessaires \u00e0 l'ex\u00e9cution du processus de communication \u00e9lectronique ou \u00e0 la mise \u00e0 disposition de certaines fonctions que vous avez souhait\u00e9es (par ex. fonction de panier d'achat) sont enregistr\u00e9s sur la base de l'article 6, paragraphe 1, point f du RGPD. L'exploitant du site web a un int\u00e9r\u00eat l\u00e9gitime \u00e0 l'enregistrement de cookies pour une mise \u00e0 disposition de ses services sans erreur technique et optimis\u00e9e. Dans la mesure o\u00f9 d'autres cookies (par ex. des cookies pour l'analyse de votre comportement de navigation) sont enregistr\u00e9s, ceux-ci sont trait\u00e9s s\u00e9par\u00e9ment dans la pr\u00e9sente d\u00e9claration de protection des donn\u00e9es.<\/p>\n\n\n\n<h3 class=\"wp-block-heading\">Fichiers journaux du serveur<\/h3>\n\n\n\n<p>Le fournisseur des pages collecte et enregistre automatiquement des informations dans ce que l'on appelle des fichiers journaux du serveur, que votre navigateur nous transmet automatiquement. Il s'agit de<\/p>\n\n\n\n<ul class=\"wp-block-list\">\n<li>Type et version du navigateur<\/li>\n\n\n\n<li>le syst\u00e8me d'exploitation utilis\u00e9<\/li>\n\n\n\n<li>URL de r\u00e9f\u00e9rence<\/li>\n\n\n\n<li>nom d'h\u00f4te de l'ordinateur qui acc\u00e8de au site<\/li>\n\n\n\n<li>Heure de la demande du serveur<\/li>\n\n\n\n<li>Adresse IP<\/li>\n<\/ul>\n\n\n\n<p>Ces donn\u00e9es ne sont pas recoup\u00e9es avec d'autres sources de donn\u00e9es.<\/p>\n\n\n\n<p>Le traitement des donn\u00e9es se fonde sur l'article 6, paragraphe 1, point f), du RGPD, qui autorise le traitement des donn\u00e9es pour l'ex\u00e9cution d'un contrat ou de mesures pr\u00e9contractuelles.<\/p>\n\n\n\n<h3 class=\"wp-block-heading\">Formulaire de contact<\/h3>\n\n\n\n<p>Si vous nous faites parvenir des demandes par le biais du formulaire de contact, les informations que vous avez fournies dans le formulaire de demande, y compris les donn\u00e9es de contact que vous y avez indiqu\u00e9es, sont enregistr\u00e9es chez nous \u00e0 des fins de traitement de la demande et en cas de questions de suivi. Nous ne transmettons pas ces donn\u00e9es sans votre consentement.<\/p>\n\n\n\n<p>Le traitement des donn\u00e9es saisies dans le formulaire de contact se fait donc exclusivement sur la base de votre consentement (article 6, paragraphe 1, point a du RGPD). Vous pouvez r\u00e9voquer ce consentement \u00e0 tout moment. Il suffit pour cela de nous envoyer un message informel par e-mail. La l\u00e9galit\u00e9 des op\u00e9rations de traitement des donn\u00e9es effectu\u00e9es jusqu'\u00e0 la r\u00e9vocation n'est pas affect\u00e9e par la r\u00e9vocation.<\/p>\n\n\n\n<p>Les donn\u00e9es que vous avez saisies dans le formulaire de contact restent chez nous jusqu'\u00e0 ce que vous nous demandiez de les supprimer, que vous r\u00e9voquiez votre autorisation de les enregistrer ou que le but de l'enregistrement des donn\u00e9es devienne caduc (par ex. apr\u00e8s le traitement de votre demande). Les dispositions l\u00e9gales contraignantes - en particulier les d\u00e9lais de conservation - ne sont pas affect\u00e9es.<\/p>\n\n\n\n<h3 class=\"wp-block-heading\">Traitement des donn\u00e9es (donn\u00e9es clients et donn\u00e9es contractuelles)<\/h3>\n\n\n\n<p>Nous ne collectons, traitons et utilisons les donn\u00e9es personnelles que dans la mesure o\u00f9 elles sont n\u00e9cessaires \u00e0 l'\u00e9tablissement, \u00e0 l'organisation du contenu ou \u00e0 la modification du rapport juridique (donn\u00e9es de base). Cela se fait sur la base de l'article 6, paragraphe 1, point b) du RGPD, qui autorise le traitement des donn\u00e9es pour l'ex\u00e9cution d'un contrat ou de mesures pr\u00e9contractuelles. Nous ne collectons, traitons et utilisons les donn\u00e9es personnelles relatives \u00e0 l'utilisation de nos pages Internet (donn\u00e9es d'utilisation) que dans la mesure o\u00f9 cela est n\u00e9cessaire pour permettre \u00e0 l'utilisateur d'utiliser le service ou de le facturer.<\/p>\n\n\n\n<p>Les donn\u00e9es clients collect\u00e9es sont supprim\u00e9es apr\u00e8s la conclusion de la commande ou la fin de la relation commerciale. Les d\u00e9lais de conservation l\u00e9gaux ne sont pas affect\u00e9s.<\/p>\n\n\n\n<h2 class=\"wp-block-heading\">4. int\u00e9gration de m\u00e9dias externes<\/h2>\n\n\n\n<h3 class=\"wp-block-heading\">Vimeo<\/h3>\n\n\n\n<p>Notre site web utilise des plugins du portail vid\u00e9o Vimeo. Le fournisseur est Vimeo Inc., 555 West 18th Street, New York, New York 10011, USA.<\/p>\n\n\n\n<p>Lorsque vous visitez l'une de nos pages \u00e9quip\u00e9es d'un plug-in Vimeo, une connexion est \u00e9tablie avec les serveurs de Vimeo. Le serveur Vimeo est alors inform\u00e9 des pages que vous avez visit\u00e9es. En outre, Vimeo obtient votre adresse IP. Ceci est \u00e9galement valable si vous n'\u00eates pas connect\u00e9(e) \u00e0 Vimeo ou si vous ne poss\u00e9dez pas de compte chez Vimeo. Les informations collect\u00e9es par Vimeo sont transmises au serveur Vimeo aux \u00c9tats-Unis.<\/p>\n\n\n\n<p>Si vous \u00eates connect\u00e9 \u00e0 votre compte Vimeo, vous permettez \u00e0 Vimeo d'associer votre comportement de navigation directement \u00e0 votre profil personnel. Vous pouvez emp\u00eacher cela en vous d\u00e9connectant de votre compte Vimeo.<\/p>\n\n\n\n<p>Pour plus d'informations sur le traitement des donn\u00e9es des utilisateurs, veuillez consulter la d\u00e9claration de confidentialit\u00e9 de Vimeo \u00e0 l'adresse suivante : <a href=\"https:\/\/vimeo.com\/privacy\" target=\"_blank\" rel=\"noreferrer noopener\">https:\/\/vimeo.com\/privacy<\/a>.<\/p>","protected":false},"excerpt":{"rendered":"<p>1. Datenschutz auf einen Blick Allgemeine Hinweise Die folgenden Hinweise geben einen einfachen \u00dcberblick dar\u00fcber, was mit Ihren personenbezogenen Daten passiert, wenn Sie unsere Website besuchen. Personenbezogene Daten sind alle Daten, mit denen Sie pers\u00f6nlich identifiziert werden k\u00f6nnen. Ausf\u00fchrliche Informationen zum Thema Datenschutz entnehmen Sie unserer unter diesem Text aufgef\u00fchrten Datenschutzerkl\u00e4rung. Datenerfassung auf unserer Website [&hellip;]<\/p>\n","protected":false},"author":1,"featured_media":0,"parent":0,"menu_order":0,"comment_status":"closed","ping_status":"closed","template":"","meta":{"_seopress_robots_primary_cat":"","_seopress_titles_title":"","_seopress_titles_desc":"","_seopress_robots_index":"yes","footnotes":""},"class_list":["post-3","page","type-page","status-publish"],"_links":{"self":[{"href":"https:\/\/www.plocher-gmbh.de\/fr\/wp-json\/wp\/v2\/pages\/3","targetHints":{"allow":["GET"]}}],"collection":[{"href":"https:\/\/www.plocher-gmbh.de\/fr\/wp-json\/wp\/v2\/pages"}],"about":[{"href":"https:\/\/www.plocher-gmbh.de\/fr\/wp-json\/wp\/v2\/types\/page"}],"author":[{"embeddable":true,"href":"https:\/\/www.plocher-gmbh.de\/fr\/wp-json\/wp\/v2\/users\/1"}],"replies":[{"embeddable":true,"href":"https:\/\/www.plocher-gmbh.de\/fr\/wp-json\/wp\/v2\/comments?post=3"}],"version-history":[{"count":1,"href":"https:\/\/www.plocher-gmbh.de\/fr\/wp-json\/wp\/v2\/pages\/3\/revisions"}],"predecessor-version":[{"id":1576,"href":"https:\/\/www.plocher-gmbh.de\/fr\/wp-json\/wp\/v2\/pages\/3\/revisions\/1576"}],"wp:attachment":[{"href":"https:\/\/www.plocher-gmbh.de\/fr\/wp-json\/wp\/v2\/media?parent=3"}],"curies":[{"name":"wp","href":"https:\/\/api.w.org\/{rel}","templated":true}]}}