{"id":344,"date":"2025-03-14T10:06:57","date_gmt":"2025-03-14T09:06:57","guid":{"rendered":"https:\/\/www.plocher-gmbh.de\/?page_id=344"},"modified":"2025-03-26T09:45:42","modified_gmt":"2025-03-26T08:45:42","slug":"accessibilite","status":"publish","type":"page","link":"https:\/\/www.plocher-gmbh.de\/fr\/barrierefreiheit\/","title":{"rendered":"D\u00e9claration d'accessibilit\u00e9"},"content":{"rendered":"<h2 class=\"wp-block-heading\">Introduction<\/h2>\n\n\n\n<p>Plocher M\u00f6belelemente GmbH, Dieselstra\u00dfe 6, 72189 V\u00f6hringen, s'efforce de rendre ce site Web accessible \u00e0 tous, conform\u00e9ment \u00e0 la loi allemande sur l'accessibilit\u00e9 (Barrierefreiheitsst\u00e4rkungsgesetz, BFSG). Cette d\u00e9claration d'accessibilit\u00e9 s'applique au site web <em>www.plocher-gmbh.de<\/em>.<\/p>\n\n\n\n<h2 class=\"wp-block-heading\">\u00c9tat de la compatibilit\u00e9 avec les exigences<\/h2>\n\n\n\n<p>Nous avons pris d'importantes mesures pour garantir l'accessibilit\u00e9 de notre site web. Il s'agit notamment<\/p>\n\n\n\n<ul class=\"wp-block-list\">\n<li><strong>S\u00e9mantique correcte des titres et de la hi\u00e9rarchie<\/strong>: Notre site web a \u00e9t\u00e9 v\u00e9rifi\u00e9 afin de s'assurer que la structure et les titres sont corrects.<\/li>\n\n\n\n<li><strong>Contrastes de couleurs de textes et d'arri\u00e8re-plans<\/strong>: Nous avons v\u00e9rifi\u00e9 les contrastes de couleurs afin de garantir une bonne lisibilit\u00e9.<\/li>\n\n\n\n<li><strong>Alt-Tags pour les images<\/strong>: Toutes les images sont dot\u00e9es de balises Alt afin de permettre une meilleure accessibilit\u00e9.<\/li>\n\n\n\n<li><strong>Navigabilit\u00e9 avec le clavier<\/strong>: Le site est enti\u00e8rement utilisable au clavier.<\/li>\n\n\n\n<li><strong>Autres mesures<\/strong>Nous nous effor\u00e7ons en permanence d'am\u00e9liorer notre site web et d'y int\u00e9grer de nouvelles technologies afin d'en augmenter l'accessibilit\u00e9.<\/li>\n<\/ul>\n\n\n\n<p>Nous sommes conscients qu'il y a peut-\u00eatre encore des domaines \u00e0 am\u00e9liorer. Nous travaillons continuellement \u00e0 l'adaptation de notre site web aux exigences de la LFSP.<\/p>\n\n\n\n<h2 class=\"wp-block-heading\">Coordonn\u00e9es<\/h2>\n\n\n\n<p>Le responsable de l'accessibilit\u00e9 de ce site est :<\/p>\n\n\n\n<p>Philipp Egner<br>T\u00e9l\u00e9phone : +49(0) 7454-9605-0<br>Courrier \u00e9lectronique : info@plocher-gmbh.de<\/p>\n\n\n\n<h2 class=\"wp-block-heading\">M\u00e9canisme de feedback<\/h2>\n\n\n\n<p>Pour signaler des obstacles \u00e0 l'utilisation de ce site ou pour demander de l'aide, vous pouvez nous contacter en utilisant les coordonn\u00e9es ci-dessus.<\/p>\n\n\n\n<h2 class=\"wp-block-heading\">Mise \u00e0 jour de la d\u00e9claration<\/h2>\n\n\n\n<p>Cette d\u00e9claration d'accessibilit\u00e9 est r\u00e9guli\u00e8rement revue et mise \u00e0 jour afin de refl\u00e9ter correctement l'\u00e9tat actuel de l'accessibilit\u00e9.<\/p>","protected":false},"excerpt":{"rendered":"<p>Einleitung , , ist bestrebt, diese Website in \u00dcbereinstimmung mit dem Barriere\u00adfreiheits\u00adst\u00e4rkungs\u00adgesetz (BFSG) barrierefrei zug\u00e4nglich zu machen. Diese Erkl\u00e4rung zur Barriere\u00adfreiheit gilt f\u00fcr die Website . Stand der Vereinbarkeit mit den Anforderungen Wir haben umfangreiche Ma\u00dfnahmen ergriffen, um die Barrierefreiheit unserer Website sicherzustellen. Dazu geh\u00f6ren: Wir sind uns bewusst, dass es m\u00f6glicherweise noch Bereiche gibt, [&hellip;]<\/p>\n","protected":false},"author":1,"featured_media":0,"parent":0,"menu_order":0,"comment_status":"closed","ping_status":"closed","template":"","meta":{"_seopress_robots_primary_cat":"","_seopress_titles_title":"","_seopress_titles_desc":"","_seopress_robots_index":"yes","footnotes":""},"class_list":["post-344","page","type-page","status-publish"],"_links":{"self":[{"href":"https:\/\/www.plocher-gmbh.de\/fr\/wp-json\/wp\/v2\/pages\/344","targetHints":{"allow":["GET"]}}],"collection":[{"href":"https:\/\/www.plocher-gmbh.de\/fr\/wp-json\/wp\/v2\/pages"}],"about":[{"href":"https:\/\/www.plocher-gmbh.de\/fr\/wp-json\/wp\/v2\/types\/page"}],"author":[{"embeddable":true,"href":"https:\/\/www.plocher-gmbh.de\/fr\/wp-json\/wp\/v2\/users\/1"}],"replies":[{"embeddable":true,"href":"https:\/\/www.plocher-gmbh.de\/fr\/wp-json\/wp\/v2\/comments?post=344"}],"version-history":[{"count":0,"href":"https:\/\/www.plocher-gmbh.de\/fr\/wp-json\/wp\/v2\/pages\/344\/revisions"}],"wp:attachment":[{"href":"https:\/\/www.plocher-gmbh.de\/fr\/wp-json\/wp\/v2\/media?parent=344"}],"curies":[{"name":"wp","href":"https:\/\/api.w.org\/{rel}","templated":true}]}}